{"id":145,"date":"2024-08-20T12:28:24","date_gmt":"2024-08-20T12:28:24","guid":{"rendered":"https:\/\/argentina-rooms.com\/product\/bedroom\/"},"modified":"2024-08-22T17:21:08","modified_gmt":"2024-08-22T17:21:08","slug":"bedroom","status":"publish","type":"product","link":"https:\/\/argentina-rooms.com\/es\/product\/bedroom\/","title":{"rendered":"Habitaci\u00f3n"},"content":{"rendered":"<p>Habitaci\u00f3n para 1 o 2 personas con ba\u00f1o privado. Acceso a \u00e1reas comunes de trabajo, \u00e1rea de descanso a unos pasos de tu habitaci\u00f3n, cafetera y microondas de f\u00e1cil acceso para los hu\u00e9spedes.<\/p>\n<p>Habitaci\u00f3n propia con ba\u00f1o privado, sala de estar en los pasillos del edificio, \u00e1rea de trabajo cerca de tu habitaci\u00f3n, terraza en el \u00faltimo piso con vistas espectaculares de la ciudad.<\/p>\n<p>2 hu\u00e9spedes<br \/>\n1 dormitorio<br \/>\n1 cama<br \/>\n1 ba\u00f1o privado<\/p>\n","protected":false},"excerpt":{"rendered":"<p>Habitaci\u00f3n para 1 o 2 personas con ba\u00f1o privado. Acceso a \u00e1reas comunes de trabajo, \u00e1rea de descanso a unos pasos de tu habitaci\u00f3n, cafetera y microondas de f\u00e1cil acceso para los hu\u00e9spedes.<\/p>\n<p>Habitaci\u00f3n propia con ba\u00f1o privado, sala de estar en los pasillos del edificio, \u00e1rea de trabajo cerca de tu habitaci\u00f3n, terraza en el \u00faltimo piso con vistas espectaculares de la ciudad.<\/p>\n<p>2 hu\u00e9spedes<br \/>\n1 dormitorio<br \/>\n1 cama<br \/>\n1 ba\u00f1o privado<\/p>\n","protected":false},"featured_media":130,"comment_status":"open","ping_status":"closed","template":"","meta":[],"product_brand":[],"product_cat":[26],"product_tag":[],"class_list":{"0":"post-145","1":"product","2":"type-product","3":"status-publish","4":"has-post-thumbnail","6":"product_cat-uncategorized-es","8":"first","9":"instock","10":"shipping-taxable","11":"purchasable","12":"product-type-redq_rental"},"_links":{"self":[{"href":"https:\/\/argentina-rooms.com\/es\/wp-json\/wp\/v2\/product\/145","targetHints":{"allow":["GET"]}}],"collection":[{"href":"https:\/\/argentina-rooms.com\/es\/wp-json\/wp\/v2\/product"}],"about":[{"href":"https:\/\/argentina-rooms.com\/es\/wp-json\/wp\/v2\/types\/product"}],"replies":[{"embeddable":true,"href":"https:\/\/argentina-rooms.com\/es\/wp-json\/wp\/v2\/comments?post=145"}],"wp:featuredmedia":[{"embeddable":true,"href":"https:\/\/argentina-rooms.com\/es\/wp-json\/wp\/v2\/media\/130"}],"wp:attachment":[{"href":"https:\/\/argentina-rooms.com\/es\/wp-json\/wp\/v2\/media?parent=145"}],"wp:term":[{"taxonomy":"product_brand","embeddable":true,"href":"https:\/\/argentina-rooms.com\/es\/wp-json\/wp\/v2\/product_brand?post=145"},{"taxonomy":"product_cat","embeddable":true,"href":"https:\/\/argentina-rooms.com\/es\/wp-json\/wp\/v2\/product_cat?post=145"},{"taxonomy":"product_tag","embeddable":true,"href":"https:\/\/argentina-rooms.com\/es\/wp-json\/wp\/v2\/product_tag?post=145"}],"curies":[{"name":"wp","href":"https:\/\/api.w.org\/{rel}","templated":true}]}}